{"id":238669,"date":"2020-05-08T23:00:23","date_gmt":"2020-05-08T21:00:23","guid":{"rendered":"https:\/\/modescomunica.com\/tugnoli\/wordpress\/?page_id=238669"},"modified":"2023-03-20T16:29:17","modified_gmt":"2023-03-20T15:29:17","slug":"privacyecookiesmottaeassociati","status":"publish","type":"page","link":"https:\/\/mottaeassociati.com\/index.php\/privacyecookiesmottaeassociati\/","title":{"rendered":"MOTTAeASSOCIATIprivacypolicy"},"content":{"rendered":"<p>[et_pb_section fb_built=&#8221;1&#8243; custom_padding_last_edited=&#8221;on|desktop&#8221; admin_label=&#8221;Header&#8221; _builder_version=&#8221;3.22.2&#8243; parallax=&#8221;on&#8221; custom_margin=&#8221;40px|40px||40px|false|true&#8221; custom_margin_phone=&#8221;20px|20px||20px|false|true&#8221; custom_margin_last_edited=&#8221;on|desktop&#8221; custom_padding=&#8221;0px|0px|0px|||&#8221; custom_padding_tablet=&#8221;40px||||false|false&#8221;][et_pb_row custom_padding=&#8221;|60px|0px|30px|false|false&#8221; custom_padding_tablet=&#8221;|||60px|false|false&#8221; custom_padding_phone=&#8221;|20px|20px|20px|false|true&#8221; custom_padding_last_edited=&#8221;on|phone&#8221; _builder_version=&#8221;3.22.2&#8243; width_tablet=&#8221;90%&#8221; width_phone=&#8221;90%&#8221; width_last_edited=&#8221;on|phone&#8221; max_width=&#8221;1188px&#8221;][et_pb_column type=&#8221;4_4&#8243; _builder_version=&#8221;3.26&#8243;][et_pb_image src=&#8221;https:\/\/mottaeassociati.com\/wp-content\/uploads\/2020\/04\/MARCHIOCOMPLETOTRACC-11.png&#8221; url=&#8221;https:\/\/mottaeassociati.com\/&#8221; align=&#8221;center&#8221; admin_label=&#8221;LOGO&#8221; _builder_version=&#8221;3.22.2&#8243; width=&#8221;15%&#8221; module_alignment=&#8221;center&#8221; custom_margin=&#8221;|||||&#8221;][\/et_pb_image][et_pb_text admin_label=&#8221;INDIRIZZO&#8221; _builder_version=&#8221;3.22.2&#8243; text_font=&#8221;Fjalla One|700|||||||&#8221; text_text_color=&#8221;#5e5e5e&#8221; text_font_size=&#8221;15px&#8221; text_font_size_phone=&#8221;15px&#8221; text_font_size_last_edited=&#8221;on|desktop&#8221; text_line_height=&#8221;1.8em&#8221; header_font=&#8221;Fjalla One|700|||||||&#8221; header_text_align=&#8221;center&#8221; header_text_color=&#8221;#5e5e5e&#8221; header_font_size=&#8221;20px&#8221; header_2_font=&#8221;Taviraj||||||||&#8221; header_2_font_size=&#8221;46px&#8221; header_2_font_size_tablet=&#8221;40px&#8221; header_2_font_size_phone=&#8221;30px&#8221; header_2_font_size_last_edited=&#8221;on|phone&#8221; header_2_line_height=&#8221;1.2em&#8221; text_orientation=&#8221;center&#8221; min_height=&#8221;110px&#8221; custom_margin=&#8221;-2px||-4px|||&#8221; custom_padding=&#8221;0px||0px||false|false&#8221; custom_padding_tablet=&#8221;|30px||50px|true|false&#8221; custom_padding_phone=&#8221;|30px|||true|false&#8221; custom_padding_last_edited=&#8221;off|tablet&#8221; link_option_url_new_window=&#8221;on&#8221; inline_fonts=&#8221;Changa One,Fjalla One&#8221;]<\/p>\n<p><span color=\"#ffffff\" face=\"Changa One\" style=\"color: #5e5e5e; font-family: 'Fjalla One'; font-weight: bold; font-size: large;\">VIA LUIGI MERCANTINI , 6_10121 TORINO_tel. +39 011 1972 0229_fax +39 011 0511 501<\/span><\/p>\n<p>[\/et_pb_text][et_pb_text _builder_version=&#8221;3.22.2&#8243; text_font=&#8221;Fjalla One|700|||||||&#8221; text_text_color=&#8221;#e02b20&#8243; text_font_size=&#8221;20px&#8221; text_orientation=&#8221;center&#8221; custom_margin=&#8221;||50px&#8221;]<\/p>\n<p><span style=\"color: #ff0000;\"><a href=\"mailto:segreteria@mottaeassociati.com\" target=\"_blank\" rel=\"noopener noreferrer\" style=\"color: #ff0000;\">segreteria@mottaeassociati.com<\/a><\/span><\/p>\n<p>[\/et_pb_text][\/et_pb_column][\/et_pb_row][\/et_pb_section][et_pb_section fb_built=&#8221;1&#8243; admin_label=&#8221;Project Section 01&#8243; _builder_version=&#8221;3.27.4&#8243; border_color_all=&#8221;#424f3e&#8221; border_width_left=&#8221;0vw&#8221; custom_padding=&#8221;|||&#8221;][et_pb_row admin_label=&#8221;Project Area 01&#8243; module_class=&#8221; et_pb_row_fullwidth&#8221; _builder_version=&#8221;3.25&#8243; width=&#8221;89%&#8221; width_tablet=&#8221;80%&#8221; width_last_edited=&#8221;on|desktop&#8221; max_width=&#8221;89%&#8221; max_width_tablet=&#8221;80%&#8221; max_width_last_edited=&#8221;on|desktop&#8221; make_fullwidth=&#8221;on&#8221;][et_pb_column type=&#8221;4_4&#8243; _builder_version=&#8221;3.25&#8243; custom_padding__hover=&#8221;|||&#8221;][et_pb_text admin_label=&#8221;Title&#8221; _builder_version=&#8221;3.22.2&#8243; text_font=&#8221;Play||||||||&#8221; text_font_size=&#8221;16px&#8221; header_font=&#8221;||||||||&#8221; header_2_font=&#8221;Prata||||||||&#8221; header_2_font_size=&#8221;36px&#8221; header_2_line_height=&#8221;1.6em&#8221; custom_margin=&#8221;||10px|&#8221; animation_style=&#8221;slide&#8221; animation_direction=&#8221;top&#8221; animation_intensity_slide=&#8221;5%&#8221; animation_starting_opacity=&#8221;100%&#8221;]<\/p>\n<p>Informativa privacy ai sensi dell\u2019art. 13 e 122 del reg. UE\/2016\/679 (\u201cGDPR\u201d)<\/p>\n<p>[\/et_pb_text][et_pb_text _builder_version=&#8221;3.22.2&#8243; text_font=&#8221;Play||||||||&#8221; link_font=&#8221;||||||||&#8221; link_text_color=&#8221;#ffba60&#8243; header_font=&#8221;||||||||&#8221; header_4_font=&#8221;Roboto Slab||||||||&#8221; header_4_font_size=&#8221;22px&#8221; header_4_line_height=&#8221;1.8em&#8221; module_alignment=&#8221;center&#8221; animation_style=&#8221;fade&#8221;]<\/p>\n<p class=\"p2\"><span class=\"s1\"> <\/span>Il sito web <span class=\"s2\">www.mottaeassociati.com <\/span>(\u201cSito\u201d) utilizza esclusivamente cookies tecnici, che non richiedono il consenso del visitatore interessato (art. 122 GDPR).<\/p>\n<p class=\"p2\">Il titolare del trattamento \u00e8 l\u2019associazione professionale tra gli avvocati Marina Motta e Ilaria Frances denominata Motta e Associati (\u201cMeA\u201d), con sede in via Mercantini 6, 10121 Torino, <a href=\"mailto:segreteria@mottaeassociati.com\" target=\"_blank\" rel=\"noopener noreferrer\"><span class=\"s2\">segreteria@mottaeassociati.com<\/span><\/a>; la finalit\u00e0 del trattamento mediante cookies \u00e8 la navigazione sul Sito, quanto agli altri dati personali, il trattamento \u00e8 necessario per i contatti telefonici e personali e per lo scambio di corrispondenza richiesti dell\u2019interessato in fase precontrattuale o per l&#8217;esecuzione dell\u2019incarico professionale e relativi adempimenti; destinatari dei dati personali possono essere colleghi, collaboratori, consulenti, fornitori di MeA.; i dati inoltre potranno essere trasferiti in paesi terzi (che siano oggetto di decisione di adeguatezza da parte della Commissione UE ai sensi dell\u2019art. 46 del reg. UE 679\/2016, G.D.P.R., o comunque che abbiano fornito garanzie adeguate ai sensi dell\u2019art. 47 del G.D.P.R. o nelle particolari condizioni di cui all\u2019art. 49 del G.D.P.R.); i dati personali verranno conservati per il tempo minimo necessario, quanto ai cookies, per le finalit\u00e0 tecniche degli stessi, quanto agli altri dati personali, per l\u2019instaurazione ed esecuzione degli incarichi professionali e sino alla prescrizione dei diritti connessi e all\u2019espletamento dei relativi adempimenti. Gli interessati hanno il diritto di chiedere a MeA l&#8217;accesso ai e la rettifica dei propri dati personali e, fatte salve le necessit\u00e0 e gli obblighi connessi alle finalit\u00e0 del trattamento, la cancellazione degli stessi o la limitazione del trattamento oppure di opporsi al trattamento, oltre al diritto alla portabilit\u00e0 dei dati e al diritto di reclamo a un&#8217;autorit\u00e0 di controllo.<\/p>\n<p>[\/et_pb_text][\/et_pb_column][\/et_pb_row][et_pb_row admin_label=&#8221;Project Area 01&#8243; module_class=&#8221; et_pb_row_fullwidth&#8221; _builder_version=&#8221;3.25&#8243; width=&#8221;89%&#8221; width_tablet=&#8221;80%&#8221; width_last_edited=&#8221;on|desktop&#8221; max_width=&#8221;89%&#8221; max_width_tablet=&#8221;80%&#8221; max_width_last_edited=&#8221;on|desktop&#8221; make_fullwidth=&#8221;on&#8221;][et_pb_column type=&#8221;4_4&#8243; _builder_version=&#8221;3.25&#8243; custom_padding__hover=&#8221;|||&#8221;][et_pb_text admin_label=&#8221;Title&#8221; _builder_version=&#8221;3.22.2&#8243; text_font=&#8221;Play||||||||&#8221; text_font_size=&#8221;16px&#8221; header_font=&#8221;||||||||&#8221; header_2_font=&#8221;Prata||||||||&#8221; header_2_font_size=&#8221;36px&#8221; header_2_line_height=&#8221;1.6em&#8221; custom_margin=&#8221;||10px|&#8221; animation_style=&#8221;slide&#8221; animation_direction=&#8221;top&#8221; animation_intensity_slide=&#8221;5%&#8221; animation_starting_opacity=&#8221;100%&#8221;]<\/p>\n<p class=\"p1\">\n<p class=\"p2\"><span class=\"s1\"> <\/span>Privacy information according to art. 13 and 122 of the reg. UE\/2016\/679 (\u201cGDPR\u201d)<\/p>\n<p>[\/et_pb_text][et_pb_text _builder_version=&#8221;3.22.2&#8243; text_font=&#8221;Play||||||||&#8221; link_font=&#8221;||||||||&#8221; link_text_color=&#8221;#ffba60&#8243; header_font=&#8221;||||||||&#8221; header_4_font=&#8221;Roboto Slab||||||||&#8221; header_4_font_size=&#8221;22px&#8221; header_4_line_height=&#8221;1.8em&#8221; module_alignment=&#8221;center&#8221; animation_style=&#8221;fade&#8221;]<\/p>\n<p class=\"p1\">\n<p class=\"p2\"><span class=\"s1\"> <\/span>The website <span class=\"s2\">www.mottaeassociati.com <\/span>(&#8220;Site&#8221;) uses technical cookies only, which do not require the consent of the data subject visiting it (art. 122 of the GDPR).<\/p>\n<p class=\"p2\">The controller is the professional association between the lawyers Marina Motta and Ilaria Frances named Motta e Associati (&#8220;MeA&#8221;), based in via Mercantini 6, 10121 Turin, <a href=\"mailto:segreteria@mottaeassociati.com\" target=\"_blank\" rel=\"noopener noreferrer\"><span class=\"s2\">segreteria@mottaeassociati.com<\/span><\/a>; the purpose of the processing using cookies is browsing the Site, as for other personal data, the processing is necessary for telephone and personal contacts and for the exchange of correspondence requested by the data subject in the pre-contractual phase or for the execution of the professional assignment and related obligations; recipients of personal data can be colleagues, collaborators, consultants, suppliers of MeA; the data may also be transferred to third countries (which are the subject of an adequacy decision by the EU Commission pursuant to art.46 of the EU reg. 679\/2016, G.D.P.R., or in any case that they provided adequate guarantees pursuant to art. 47 of the G.D.P.R. or in the particular conditions referred to in art. 49 of the G.D.P.R.); personal data will be kept for the minimum time necessary, as for cookies, for their technical purposes, as for other personal data, for the establishment and execution of professional assignments and until the expiry of the limitation period of the connected rights and the performance of the related fulfilments. Interested parties have the right to require to MeA to access and correct their personal data and, without prejudice to the needs and obligations related to the purposes of the processing, to cancel them or limit their processing or to oppose the processing, in addition to the right to data portability and the right to file a complaint to a supervisory authority.<\/p>\n<p>[\/et_pb_text][\/et_pb_column][\/et_pb_row][\/et_pb_section][et_pb_section fb_built=&#8221;1&#8243; admin_label=&#8221;Project Section 01&#8243; _builder_version=&#8221;3.27.4&#8243; background_color=&#8221;#e8e8e8&#8243; border_color_all=&#8221;#c59b6c&#8221; border_width_left=&#8221;0vw&#8221; custom_padding=&#8221;|||&#8221;][et_pb_row admin_label=&#8221;Project Area 01&#8243; module_class=&#8221; et_pb_row_fullwidth&#8221; _builder_version=&#8221;3.25&#8243; width=&#8221;89%&#8221; width_tablet=&#8221;80%&#8221; width_last_edited=&#8221;on|desktop&#8221; max_width=&#8221;89%&#8221; max_width_tablet=&#8221;80%&#8221; max_width_last_edited=&#8221;on|desktop&#8221; make_fullwidth=&#8221;on&#8221;][et_pb_column type=&#8221;4_4&#8243; _builder_version=&#8221;3.25&#8243; custom_padding__hover=&#8221;|||&#8221;][et_pb_text admin_label=&#8221;Title&#8221; _builder_version=&#8221;3.22.2&#8243; text_font=&#8221;Play||||||||&#8221; text_font_size=&#8221;16px&#8221; header_font=&#8221;||||||||&#8221; header_2_font=&#8221;Prata||||||||&#8221; header_2_font_size=&#8221;36px&#8221; header_2_line_height=&#8221;1.6em&#8221; custom_margin=&#8221;||10px|&#8221; animation_style=&#8221;slide&#8221; animation_direction=&#8221;top&#8221; animation_intensity_slide=&#8221;5%&#8221; animation_starting_opacity=&#8221;100%&#8221;][\/et_pb_text][et_pb_text _builder_version=&#8221;3.22.2&#8243; text_font=&#8221;Play||||||||&#8221; link_font=&#8221;||||||||&#8221; link_text_color=&#8221;#ffba60&#8243; header_font=&#8221;||||||||&#8221; header_4_font=&#8221;Roboto Slab||||||||&#8221; header_4_font_size=&#8221;22px&#8221; header_4_line_height=&#8221;1.8em&#8221; module_alignment=&#8221;center&#8221; custom_padding=&#8221;||0px|||&#8221; animation_style=&#8221;fade&#8221;]<\/p>\n<div class=\"\"><span class=\"\">Ultimo aggiornamento: MARZO 2023<\/span><\/div>\n<p>[\/et_pb_text][\/et_pb_column][\/et_pb_row][\/et_pb_section][et_pb_section fb_built=&#8221;1&#8243; custom_padding_last_edited=&#8221;on|desktop&#8221; admin_label=&#8221;Header&#8221; _builder_version=&#8221;3.22.2&#8243; parallax=&#8221;on&#8221; custom_margin=&#8221;40px|40px||40px|false|true&#8221; custom_margin_phone=&#8221;20px|20px||20px|false|true&#8221; custom_margin_last_edited=&#8221;on|desktop&#8221; custom_padding=&#8221;0px|0px|6px|||&#8221; custom_padding_tablet=&#8221;40px||||false|false&#8221;][et_pb_row custom_padding=&#8221;|60px|0px|30px|false|false&#8221; custom_padding_tablet=&#8221;|||60px|false|false&#8221; custom_padding_phone=&#8221;|20px|20px|20px|false|true&#8221; custom_padding_last_edited=&#8221;on|phone&#8221; _builder_version=&#8221;3.22.2&#8243; width_tablet=&#8221;90%&#8221; width_phone=&#8221;90%&#8221; width_last_edited=&#8221;on|phone&#8221; max_width=&#8221;1188px&#8221;][et_pb_column type=&#8221;4_4&#8243; _builder_version=&#8221;3.26&#8243;][et_pb_image src=&#8221;https:\/\/mottaeassociati.com\/wp-content\/uploads\/2020\/04\/MARCHIOSCAVATOGRIGIO-13.png&#8221; align=&#8221;center&#8221; admin_label=&#8221;LOGO&#8221; _builder_version=&#8221;3.22.2&#8243; width=&#8221;15%&#8221; custom_margin=&#8221;|||||&#8221;][\/et_pb_image][\/et_pb_column][\/et_pb_row][\/et_pb_section][et_pb_section fb_built=&#8221;1&#8243; admin_label=&#8221;FOOTERgrande&#8221; _builder_version=&#8221;3.22.2&#8243; background_color=&#8221;#e02b20&#8243; use_background_color_gradient=&#8221;on&#8221; background_color_gradient_start=&#8221;#e02b20&#8243; background_color_gradient_end=&#8221;#e02b20&#8243; background_image=&#8221;https:\/\/mottaeassociati.com\/wp-content\/uploads\/2020\/05\/slider14.jpg&#8221; background_position=&#8221;top_left&#8221; background_blend=&#8221;multiply&#8221; min_height=&#8221;536px&#8221; custom_margin=&#8221;-5px||7px|||&#8221; custom_padding=&#8221;50px||1px||false|false&#8221; mix_blend_mode=&#8221;multiply&#8221; locked=&#8221;off&#8221; background__hover_enabled=&#8221;on&#8221; background_color__hover=&#8221;#0052a5&#8243;][et_pb_row custom_padding=&#8221;0px||0px|&#8221; custom_margin=&#8221;-50px|auto|-4px|auto||&#8221; background_position_1=&#8221;top_left&#8221; background_position_2=&#8221;top_left&#8221; background_position_3=&#8221;top_left&#8221; background_repeat_1=&#8221;no-repeat&#8221; background_repeat_2=&#8221;no-repeat&#8221; background_repeat_3=&#8221;no-repeat&#8221; _builder_version=&#8221;3.22.3&#8243; background_size=&#8221;initial&#8221; background_position=&#8221;top_left&#8221; background_repeat=&#8221;repeat&#8221; locked=&#8221;off&#8221;][et_pb_column type=&#8221;1_2&#8243; _builder_version=&#8221;3.0.47&#8243;][et_pb_blurb title=&#8221;CONTATTACI&#8221; use_icon=&#8221;on&#8221; font_icon=&#8221;%%104%%&#8221; icon_color=&#8221;#ffffff&#8221; use_icon_font_size=&#8221;on&#8221; icon_font_size=&#8221;58px&#8221; icon_font_size_last_edited=&#8221;off|desktop&#8221; admin_label=&#8221;Address&#8221; _builder_version=&#8221;3.22.2&#8243; header_font=&#8221;Fjalla One|700|||||||&#8221; header_text_align=&#8221;center&#8221; header_text_color=&#8221;#ffffff&#8221; header_font_size=&#8221;18px&#8221; header_line_height=&#8221;1.2em&#8221; body_font=&#8221;Play|700|||||||&#8221; body_text_color=&#8221;#ffffff&#8221; body_font_size=&#8221;18px&#8221; body_line_height=&#8221;1em&#8221; border_color_all=&#8221;#e0e0e0&#8243; text_orientation=&#8221;center&#8221; background_layout=&#8221;dark&#8221; width=&#8221;100%&#8221; custom_margin=&#8221;|||&#8221; custom_padding=&#8221;30px|30px|30px|26px||&#8221; animation_style=&#8221;fold&#8221; animation_direction=&#8221;bottom&#8221; animation_intensity_fold=&#8221;30%&#8221; use_border_color=&#8221;on&#8221; border_color=&#8221;#e0e0e0&#8243; locked=&#8221;off&#8221; inline_fonts=&#8221;Montserrat&#8221;]<\/p>\n<p>&nbsp;<\/p>\n<p>VIA LUIGI MERCANTINI 6<\/p>\n<p>10121 TORINO<\/p>\n<p>+39 011 1972 0229<\/p>\n<p style=\"text-align: center;\">[\/et_pb_blurb][\/et_pb_column][et_pb_column type=&#8221;1_2&#8243; _builder_version=&#8221;3.0.47&#8243;][et_pb_blurb title=&#8221;SCRIVICI&#8221; use_icon=&#8221;on&#8221; font_icon=&#8221;%%109%%&#8221; icon_color=&#8221;#ffffff&#8221; use_icon_font_size=&#8221;on&#8221; icon_font_size=&#8221;60px&#8221; icon_font_size_last_edited=&#8221;off|desktop&#8221; _builder_version=&#8221;3.22.2&#8243; header_font=&#8221;Fjalla One|900|||||||&#8221; header_text_align=&#8221;center&#8221; header_text_color=&#8221;#ffffff&#8221; header_font_size=&#8221;18px&#8221; body_font=&#8221;Play|700|||||||&#8221; body_text_color=&#8221;#ffffff&#8221; body_font_size=&#8221;18px&#8221; body_line_height=&#8221;1.1em&#8221; border_color_all=&#8221;#e0e0e0&#8243; text_orientation=&#8221;center&#8221; background_layout=&#8221;dark&#8221; width=&#8221;100%&#8221; custom_margin=&#8221;|||&#8221; custom_padding=&#8221;30px|0px|0px|0px||&#8221; animation_style=&#8221;fold&#8221; animation_direction=&#8221;bottom&#8221; animation_delay=&#8221;100ms&#8221; animation_intensity_fold=&#8221;30%&#8221; use_border_color=&#8221;on&#8221; border_color=&#8221;#e0e0e0&#8243; locked=&#8221;off&#8221; inline_fonts=&#8221;Montserrat&#8221;]<\/p>\n<p>&nbsp;<\/p>\n<p><a href=\"mailto:segreteria@mottaeassociati.com\" target=\"_blank\" rel=\"noopener noreferrer\"><span style=\"color: #ffffff;\">segreteria@mottaeassociati.com<\/span><\/a><\/p>\n<p>fax +39 011 0511 501<\/p>\n<p>[\/et_pb_blurb][\/et_pb_column][\/et_pb_row][et_pb_row custom_padding=&#8221;0px||0px|&#8221; custom_margin=&#8221;-50px|auto|-4px|auto||&#8221; background_position_1=&#8221;top_left&#8221; background_position_2=&#8221;top_left&#8221; background_position_3=&#8221;top_left&#8221; background_repeat_1=&#8221;no-repeat&#8221; background_repeat_2=&#8221;no-repeat&#8221; background_repeat_3=&#8221;no-repeat&#8221; _builder_version=&#8221;3.22.3&#8243; background_size=&#8221;initial&#8221; background_position=&#8221;top_left&#8221; background_repeat=&#8221;repeat&#8221; locked=&#8221;off&#8221;][et_pb_column type=&#8221;4_4&#8243; _builder_version=&#8221;3.0.47&#8243;][et_pb_text _builder_version=&#8221;3.22.2&#8243; text_font=&#8221;Play||||||||&#8221; text_text_color=&#8221;#ffffff&#8221; text_font_size=&#8221;13px&#8221; text_orientation=&#8221;center&#8221;]<\/p>\n<div class=\"clearfix grpelem\" id=\"u1095-6\">\n<p style=\"text-align: center;\"><strong>\u00a9 2023 MOTTA E ASSOCIATI &#8211; Studio legale associato &#8211; P.IVA 11193850010<\/strong><\/p>\n<\/div>\n<p>[\/et_pb_text][\/et_pb_column][\/et_pb_row][\/et_pb_section]<\/p>\n","protected":false},"excerpt":{"rendered":"<p>[et_pb_section fb_built=&#8221;1&#8243; custom_padding_last_edited=&#8221;on|desktop&#8221; admin_label=&#8221;Header&#8221; _builder_version=&#8221;3.22.2&#8243; parallax=&#8221;on&#8221; custom_margin=&#8221;40px|40px||40px|false|true&#8221; custom_margin_phone=&#8221;20px|20px||20px|false|true&#8221; custom_margin_last_edited=&#8221;on|desktop&#8221; custom_padding=&#8221;0px|0px|0px|||&#8221; custom_padding_tablet=&#8221;40px||||false|false&#8221;][et_pb_row custom_padding=&#8221;|60px|0px|30px|false|false&#8221; custom_padding_tablet=&#8221;|||60px|false|false&#8221; custom_padding_phone=&#8221;|20px|20px|20px|false|true&#8221; custom_padding_last_edited=&#8221;on|phone&#8221; _builder_version=&#8221;3.22.2&#8243; width_tablet=&#8221;90%&#8221; width_phone=&#8221;90%&#8221; width_last_edited=&#8221;on|phone&#8221; max_width=&#8221;1188px&#8221;][et_pb_column type=&#8221;4_4&#8243; _builder_version=&#8221;3.26&#8243;][et_pb_image src=&#8221;https:\/\/mottaeassociati.com\/wp-content\/uploads\/2020\/04\/MARCHIOCOMPLETOTRACC-11.png&#8221; url=&#8221;https:\/\/mottaeassociati.com\/&#8221; align=&#8221;center&#8221; admin_label=&#8221;LOGO&#8221; _builder_version=&#8221;3.22.2&#8243; width=&#8221;15%&#8221; module_alignment=&#8221;center&#8221; custom_margin=&#8221;|||||&#8221;][\/et_pb_image][et_pb_text admin_label=&#8221;INDIRIZZO&#8221; _builder_version=&#8221;3.22.2&#8243; text_font=&#8221;Fjalla One|700|||||||&#8221; text_text_color=&#8221;#5e5e5e&#8221; text_font_size=&#8221;15px&#8221; text_font_size_phone=&#8221;15px&#8221; text_font_size_last_edited=&#8221;on|desktop&#8221; text_line_height=&#8221;1.8em&#8221; header_font=&#8221;Fjalla One|700|||||||&#8221; header_text_align=&#8221;center&#8221; header_text_color=&#8221;#5e5e5e&#8221; header_font_size=&#8221;20px&#8221; header_2_font=&#8221;Taviraj||||||||&#8221; header_2_font_size=&#8221;46px&#8221; header_2_font_size_tablet=&#8221;40px&#8221; header_2_font_size_phone=&#8221;30px&#8221; header_2_font_size_last_edited=&#8221;on|phone&#8221; header_2_line_height=&#8221;1.2em&#8221; text_orientation=&#8221;center&#8221; min_height=&#8221;110px&#8221; custom_margin=&#8221;-2px||-4px|||&#8221; custom_padding=&#8221;0px||0px||false|false&#8221; custom_padding_tablet=&#8221;|30px||50px|true|false&#8221; [&hellip;]<\/p>\n","protected":false},"author":1,"featured_media":0,"parent":0,"menu_order":0,"comment_status":"closed","ping_status":"closed","template":"","meta":{"_et_pb_use_builder":"on","_et_pb_old_content":"<!-- wp:paragraph -->\n<p>Questa \u00e8 una pagina di esempio. Differisce da un articolo di un blog perch\u00e8 rimane sempre allos tesso posto e (in molti temi) appare nel menu di navigazione. Molte persone iniziano con una pagina di Informazioni che li presentano ai visitatori del sito. Potrebbe apparire una presentazione del tipo:<\/p>\n<!-- \/wp:paragraph -->\n\n<!-- wp:quote -->\n<blockquote class=\"wp-block-quote\"><p>Ciao! Sono un fattorino ciclista di giorno, aspirante attore di notte e questo \u00e8 il mio sito web. Vivo a Los Angeles, ho un grande cane di nome Jack e mi piace la pi\u00f1a colada. (E prendere la pioggia)<\/p><\/blockquote>\n<!-- \/wp:quote -->\n\n<!-- wp:paragraph -->\n<p>...o qualcosa di simile:<\/p>\n<!-- \/wp:paragraph -->\n\n<!-- wp:quote -->\n<blockquote class=\"wp-block-quote\"><p>La Societ\u00e0 XYZ Aggeggi \u00e8 stata fondata nel 1971 e da allora fornisce al pubblico aggeggi di ottima qualit\u00e0. Situata a Fantasilandia, XYZ impiega oltre 2.000 persone e realizza ogni sorta di aggeggio fantastico per la comunit\u00e0 di Fantasilandia.<\/p><\/blockquote>\n<!-- \/wp:quote -->\n\n<!-- wp:paragraph -->\n<p>Come nuovo utente di WordPress, dovresti andare nella tua <a href=\"https:\/\/modescomunica.com\/tugnoli\/wordpress\/wp-admin\/\">Bacheca<\/a> per eliminare questa pagina, e crearne delle nuove per i tuoi contenuti. Divertiti!<\/p>\n<!-- \/wp:paragraph -->","footnotes":""},"class_list":["post-238669","page","type-page","status-publish","hentry"],"_links":{"self":[{"href":"https:\/\/mottaeassociati.com\/index.php\/wp-json\/wp\/v2\/pages\/238669","targetHints":{"allow":["GET"]}}],"collection":[{"href":"https:\/\/mottaeassociati.com\/index.php\/wp-json\/wp\/v2\/pages"}],"about":[{"href":"https:\/\/mottaeassociati.com\/index.php\/wp-json\/wp\/v2\/types\/page"}],"author":[{"embeddable":true,"href":"https:\/\/mottaeassociati.com\/index.php\/wp-json\/wp\/v2\/users\/1"}],"replies":[{"embeddable":true,"href":"https:\/\/mottaeassociati.com\/index.php\/wp-json\/wp\/v2\/comments?post=238669"}],"version-history":[{"count":2,"href":"https:\/\/mottaeassociati.com\/index.php\/wp-json\/wp\/v2\/pages\/238669\/revisions"}],"predecessor-version":[{"id":242580,"href":"https:\/\/mottaeassociati.com\/index.php\/wp-json\/wp\/v2\/pages\/238669\/revisions\/242580"}],"wp:attachment":[{"href":"https:\/\/mottaeassociati.com\/index.php\/wp-json\/wp\/v2\/media?parent=238669"}],"curies":[{"name":"wp","href":"https:\/\/api.w.org\/{rel}","templated":true}]}}